{"id":276,"date":"2026-05-13T17:22:18","date_gmt":"2026-05-13T20:22:18","guid":{"rendered":"https:\/\/digital1s4.perdigital.cl\/sitio4\/?page_id=276"},"modified":"2026-05-13T18:00:12","modified_gmt":"2026-05-13T21:00:12","slug":"la-pampa-2","status":"publish","type":"page","link":"https:\/\/digital1s4.perdigital.cl\/sitio4\/","title":{"rendered":"La pampa"},"content":{"rendered":"\t\t<div data-elementor-type=\"wp-page\" data-elementor-id=\"276\" class=\"elementor elementor-276\">\n\t\t\t\t\t\t<div class=\"elementor-element elementor-element-da1ce97 e-con e-atomic-element e-flexbox-base\" data-id=\"da1ce97\" data-element_type=\"e-flexbox\" data-e-type=\"e-flexbox\" data-interaction-id=\"da1ce97\">\n\t\t\t\t<\/div>\n\t\t\t\t<section class=\"elementor-section elementor-top-section elementor-element elementor-element-462ff8d0 elementor-section-boxed elementor-section-height-default elementor-section-height-default wpr-particle-no wpr-jarallax-no wpr-parallax-no wpr-sticky-section-no wpr-column-slider-no wpr-equal-height-no\" data-id=\"462ff8d0\" data-element_type=\"section\" data-e-type=\"section\" data-settings=\"{&quot;background_background&quot;:&quot;classic&quot;}\">\n\t\t\t\t\t\t<div class=\"elementor-container elementor-column-gap-default\">\n\t\t\t\t\t<div class=\"elementor-column elementor-col-100 elementor-top-column elementor-element elementor-element-5fa0508\" data-id=\"5fa0508\" data-element_type=\"column\" data-e-type=\"column\">\n\t\t\t<div class=\"elementor-widget-wrap elementor-element-populated\">\n\t\t\t\t\t\t<div class=\"elementor-element elementor-element-3e095825 wpr-grid-columns-3 wpr-grid-columns--tablet2 wpr-grid-columns--mobile1 wpr-grid-pagination-center wpr-item-styles-inner elementor-widget elementor-widget-wpr-grid\" data-id=\"3e095825\" data-element_type=\"widget\" data-e-type=\"widget\" data-widget_type=\"wpr-grid.default\">\n\t\t\t\t\t<ul class=\"wpr-grid-filters elementor-clearfix wpr-grid-filters-sep-right\"><li class=\" wpr-pointer-none wpr-pointer-line-fx wpr-pointer-fx-none\"><span  data-filter=\"*\" class=\"wpr-grid-filters-item wpr-active-filter \">All<\/span><em class=\"wpr-grid-filters-sep\"><\/em><\/li><li data-role=\"parent\" class=\" wpr-pointer-none wpr-pointer-line-fx wpr-pointer-fx-none wpr-hidden-element\"><span   data-ajax-filter=[\"category\",\"cultura\"]  data-filter=\".category-cultura\">Cultura<\/span><em class=\"wpr-grid-filters-sep\"><\/em><\/li><li class=\" wpr-pointer-none wpr-pointer-line-fx wpr-pointer-fx-none wpr-hidden-element\"><span   data-ajax-filter=[\"category\",\"investigacion\"]  data-filter=\".category-investigacion\">Investigaci\u00f3n<\/span><em class=\"wpr-grid-filters-sep\"><\/em><\/li><li data-role=\"parent\" class=\" wpr-pointer-none wpr-pointer-line-fx wpr-pointer-fx-none\"><span   data-ajax-filter=[\"category\",\"politica\"]  data-filter=\".category-politica\">Pol\u00edtica<\/span><em class=\"wpr-grid-filters-sep\"><\/em><\/li><li class=\" wpr-pointer-none wpr-pointer-line-fx wpr-pointer-fx-none\"><span   data-ajax-filter=[\"category\",\"salud\"]  data-filter=\".category-salud\">Salud<\/span><em class=\"wpr-grid-filters-sep\"><\/em><\/li><ul data-parent=\".category-politica\" class=\"wpr-sub-filters\"><li data-role=\"back\" class=\" wpr-pointer-none wpr-pointer-line-fx wpr-pointer-fx-none\"><span class=\"wpr-back-filter\"  data-ajax-filter=[\"category\",\"politica\"]  data-filter=\".category-politica\"><i class=\"fas fa-long-arrow-alt-left\"><\/i>&nbsp;&nbsp;Back<\/span><\/li><li data-role=\"sub\" class=\" wpr-pointer-none wpr-pointer-line-fx wpr-pointer-fx-none\"><span   data-ajax-filter=[\"category\",\"analisis-y-opinion-publica\"]  data-filter=\".category-analisis-y-opinion-publica\">An\u00e1lisis y Opini\u00f3n publica<\/span><em class=\"wpr-grid-filters-sep\"><\/em><\/li><\/ul><ul data-parent=\".category-cultura\" class=\"wpr-sub-filters\"><li data-role=\"back\" class=\" wpr-pointer-none wpr-pointer-line-fx wpr-pointer-fx-none\"><span class=\"wpr-back-filter\"  data-ajax-filter=[\"category\",\"cultura\"]  data-filter=\".category-cultura\"><i class=\"fas fa-long-arrow-alt-left\"><\/i>&nbsp;&nbsp;Back<\/span><\/li><li data-role=\"sub\" class=\" wpr-pointer-none wpr-pointer-line-fx wpr-pointer-fx-none\"><span   data-ajax-filter=[\"category\",\"diversidad-e-identidad\"]  data-filter=\".category-diversidad-e-identidad\">Diversidad e Identidad<\/span><em class=\"wpr-grid-filters-sep\"><\/em><\/li><li data-role=\"sub\" class=\" wpr-pointer-none wpr-pointer-line-fx wpr-pointer-fx-none\"><span   data-ajax-filter=[\"category\",\"patrimonio\"]  data-filter=\".category-patrimonio\">Patrimonio<\/span><em class=\"wpr-grid-filters-sep\"><\/em><\/li><\/ul><\/ul><section class=\"wpr-grid elementor-clearfix\" data-settings=\"{&quot;layout&quot;:&quot;fitRows&quot;,&quot;stick_last_element_to_bottom&quot;:&quot;&quot;,&quot;columns_desktop&quot;:&quot;3&quot;,&quot;gutter_hr&quot;:15,&quot;gutter_hr_mobile&quot;:15,&quot;gutter_hr_mobile_extra&quot;:15,&quot;gutter_hr_tablet&quot;:15,&quot;gutter_hr_tablet_extra&quot;:15,&quot;gutter_hr_laptop&quot;:15,&quot;gutter_hr_widescreen&quot;:15,&quot;gutter_vr&quot;:15,&quot;gutter_vr_mobile&quot;:15,&quot;gutter_vr_mobile_extra&quot;:15,&quot;gutter_vr_tablet&quot;:15,&quot;gutter_vr_tablet_extra&quot;:15,&quot;gutter_vr_laptop&quot;:15,&quot;gutter_vr_widescreen&quot;:15,&quot;animation&quot;:&quot;fade&quot;,&quot;animation_duration&quot;:&quot;0.4&quot;,&quot;animation_delay&quot;:&quot;0.2&quot;,&quot;deeplinking&quot;:&quot;&quot;,&quot;filters_linkable&quot;:&quot;no&quot;,&quot;filters_default_filter&quot;:&quot;&quot;,&quot;filters_count&quot;:&quot;&quot;,&quot;filters_hide_empty&quot;:&quot;yes&quot;,&quot;filters_animation&quot;:&quot;default&quot;,&quot;filters_animation_duration&quot;:&quot;0.4&quot;,&quot;filters_animation_delay&quot;:&quot;0.2&quot;,&quot;pagination_type&quot;:&quot;load-more&quot;,&quot;pagination_max_pages&quot;:2,&quot;lightbox&quot;:{&quot;selector&quot;:&quot;.wpr-grid-image-wrap&quot;,&quot;iframeMaxWidth&quot;:&quot;60%&quot;,&quot;hash&quot;:false,&quot;autoplay&quot;:&quot;true&quot;,&quot;pause&quot;:5000,&quot;progressBar&quot;:&quot;true&quot;,&quot;counter&quot;:&quot;true&quot;,&quot;controls&quot;:&quot;true&quot;,&quot;getCaptionFromTitleOrAlt&quot;:&quot;true&quot;,&quot;thumbnail&quot;:&quot;&quot;,&quot;showThumbByDefault&quot;:&quot;&quot;,&quot;share&quot;:&quot;&quot;,&quot;zoom&quot;:&quot;true&quot;,&quot;fullScreen&quot;:&quot;true&quot;,&quot;download&quot;:&quot;true&quot;}}\" data-advanced-filters=\"no\"><article class=\"wpr-grid-item elementor-clearfix post-222 post type-post status-publish format-standard hentry category-politica\"><div class=\"wpr-grid-item-inner\"><div class=\"wpr-grid-item-above-content elementor-clearfix\"><h2 class=\"wpr-grid-item-title elementor-repeater-item-04b0433 wpr-grid-item-display-block wpr-grid-item-align-left wpr-pointer-none wpr-pointer-line-fx wpr-pointer-fx-fade\"><div class=\"inner-block\"><a target=\"_self\"  href=\"https:\/\/digital1s4.perdigital.cl\/sitio4\/2026\/04\/29\/marcha-de-estudiantes-causa-polemica\/\">Marcha de estudiantes causa pol\u00e9mica<\/a><\/div><\/h2><\/div><div class=\"wpr-grid-item-below-content elementor-clearfix\"><div class=\"wpr-grid-item-category elementor-repeater-item-66ca227 wpr-grid-item-display-block wpr-grid-item-align-left wpr-pointer-none wpr-pointer-line-fx wpr-pointer-fx-fade wpr-grid-tax-style-1\"><div class=\"inner-block\"><a class=\" wpr-tax-id-8\" href=\"https:\/\/digital1s4.perdigital.cl\/sitio4\/category\/politica\/\">Pol\u00edtica<\/a><\/div><\/div><div class=\"wpr-grid-item-excerpt elementor-repeater-item-5241605 wpr-grid-item-display-block wpr-grid-item-align-left\"><div class=\"inner-block\"><p>Hoy, y ya por sexto d\u00eda consecutivo, estudiantes secundarios realizaron tomas de liceos emblem\u00e1ticos de Santiago. En esta ocasi\u00f3n, y...<\/p><\/div><\/div><div class=\"wpr-grid-item-read-more elementor-repeater-item-dc1027d wpr-grid-item-display-block wpr-grid-item-align-left\"><div class=\"inner-block\"><a target=\"_self\" href=\"https:\/\/digital1s4.perdigital.cl\/sitio4\/2026\/04\/29\/marcha-de-estudiantes-causa-polemica\/\" class=\"wpr-button-effect wpr-button-none\"><span class=\"wpr-grid-extra-icon-left\"><svg aria-hidden=\"true\" class=\"e-font-icon-svg e-fas-external-link-alt\" viewBox=\"0 0 512 512\" xmlns=\"http:\/\/www.w3.org\/2000\/svg\"><path d=\"M432,320H400a16,16,0,0,0-16,16V448H64V128H208a16,16,0,0,0,16-16V80a16,16,0,0,0-16-16H48A48,48,0,0,0,0,112V464a48,48,0,0,0,48,48H400a48,48,0,0,0,48-48V336A16,16,0,0,0,432,320ZM488,0h-128c-21.37,0-32.05,25.91-17,41l35.73,35.73L135,320.37a24,24,0,0,0,0,34L157.67,377a24,24,0,0,0,34,0L435.28,133.32,471,169c15,15,41,4.5,41-17V24A24,24,0,0,0,488,0Z\"><\/path><\/svg><\/span><span>Read Full Story...<\/span><\/a><\/div><\/div><\/div><\/div><\/article><article class=\"wpr-grid-item elementor-clearfix post-209 post type-post status-publish format-standard hentry category-salud\"><div class=\"wpr-grid-item-inner\"><div class=\"wpr-grid-item-above-content elementor-clearfix\"><h2 class=\"wpr-grid-item-title elementor-repeater-item-04b0433 wpr-grid-item-display-block wpr-grid-item-align-left wpr-pointer-none wpr-pointer-line-fx wpr-pointer-fx-fade\"><div class=\"inner-block\"><a target=\"_self\"  href=\"https:\/\/digital1s4.perdigital.cl\/sitio4\/2026\/04\/23\/ecuador\/\">Ecuador : Sistema de Salud en crisis<\/a><\/div><\/h2><\/div><div class=\"wpr-grid-item-below-content elementor-clearfix\"><div class=\"wpr-grid-item-category elementor-repeater-item-66ca227 wpr-grid-item-display-block wpr-grid-item-align-left wpr-pointer-none wpr-pointer-line-fx wpr-pointer-fx-fade wpr-grid-tax-style-1\"><div class=\"inner-block\"><a class=\" wpr-tax-id-1\" href=\"https:\/\/digital1s4.perdigital.cl\/sitio4\/category\/salud\/\">Salud<\/a><\/div><\/div><div class=\"wpr-grid-item-excerpt elementor-repeater-item-5241605 wpr-grid-item-display-block wpr-grid-item-align-left\"><div class=\"inner-block\"><p>Debido al desabastecimiento de insumos m\u00e9dicos y medicamentos, generando una imposibilidad de brindar atenci\u00f3n a la poblaci\u00f3n ecuatoriana.&nbsp;<\/p><\/div><\/div><div class=\"wpr-grid-item-read-more elementor-repeater-item-dc1027d wpr-grid-item-display-block wpr-grid-item-align-left\"><div class=\"inner-block\"><a target=\"_self\" href=\"https:\/\/digital1s4.perdigital.cl\/sitio4\/2026\/04\/23\/ecuador\/\" class=\"wpr-button-effect wpr-button-none\"><span class=\"wpr-grid-extra-icon-left\"><svg aria-hidden=\"true\" class=\"e-font-icon-svg e-fas-external-link-alt\" viewBox=\"0 0 512 512\" xmlns=\"http:\/\/www.w3.org\/2000\/svg\"><path d=\"M432,320H400a16,16,0,0,0-16,16V448H64V128H208a16,16,0,0,0,16-16V80a16,16,0,0,0-16-16H48A48,48,0,0,0,0,112V464a48,48,0,0,0,48,48H400a48,48,0,0,0,48-48V336A16,16,0,0,0,432,320ZM488,0h-128c-21.37,0-32.05,25.91-17,41l35.73,35.73L135,320.37a24,24,0,0,0,0,34L157.67,377a24,24,0,0,0,34,0L435.28,133.32,471,169c15,15,41,4.5,41-17V24A24,24,0,0,0,488,0Z\"><\/path><\/svg><\/span><span>Read Full Story...<\/span><\/a><\/div><\/div><\/div><\/div><\/article><article class=\"wpr-grid-item elementor-clearfix post-194 post type-post status-publish format-standard hentry category-analisis-y-opinion-publica category-politica tag-demografia\"><div class=\"wpr-grid-item-inner\"><div class=\"wpr-grid-item-above-content elementor-clearfix\"><h2 class=\"wpr-grid-item-title elementor-repeater-item-04b0433 wpr-grid-item-display-block wpr-grid-item-align-left wpr-pointer-none wpr-pointer-line-fx wpr-pointer-fx-fade\"><div class=\"inner-block\"><a target=\"_self\"  href=\"https:\/\/digital1s4.perdigital.cl\/sitio4\/2026\/04\/23\/u\/\">Uruguay en crisis<\/a><\/div><\/h2><\/div><div class=\"wpr-grid-item-below-content elementor-clearfix\"><div class=\"wpr-grid-item-category elementor-repeater-item-66ca227 wpr-grid-item-display-block wpr-grid-item-align-left wpr-pointer-none wpr-pointer-line-fx wpr-pointer-fx-fade wpr-grid-tax-style-1\"><div class=\"inner-block\"><a class=\" wpr-tax-id-15\" href=\"https:\/\/digital1s4.perdigital.cl\/sitio4\/category\/politica\/analisis-y-opinion-publica\/\">An\u00e1lisis y Opini\u00f3n publica<span class=\"tax-sep\">, <\/span><\/a><a class=\" wpr-tax-id-8\" href=\"https:\/\/digital1s4.perdigital.cl\/sitio4\/category\/politica\/\">Pol\u00edtica<\/a><\/div><\/div><div class=\"wpr-grid-item-excerpt elementor-repeater-item-5241605 wpr-grid-item-display-block wpr-grid-item-align-left\"><div class=\"inner-block\"><p>Desaf\u00edos de una poblaci\u00f3n estancada&nbsp; Tras la baja taza de fecundaci\u00f3n se confirma que Uruguay es uno de los pa\u00edses...<\/p><\/div><\/div><div class=\"wpr-grid-item-read-more elementor-repeater-item-dc1027d wpr-grid-item-display-block wpr-grid-item-align-left\"><div class=\"inner-block\"><a target=\"_self\" href=\"https:\/\/digital1s4.perdigital.cl\/sitio4\/2026\/04\/23\/u\/\" class=\"wpr-button-effect wpr-button-none\"><span class=\"wpr-grid-extra-icon-left\"><svg aria-hidden=\"true\" class=\"e-font-icon-svg e-fas-external-link-alt\" viewBox=\"0 0 512 512\" xmlns=\"http:\/\/www.w3.org\/2000\/svg\"><path d=\"M432,320H400a16,16,0,0,0-16,16V448H64V128H208a16,16,0,0,0,16-16V80a16,16,0,0,0-16-16H48A48,48,0,0,0,0,112V464a48,48,0,0,0,48,48H400a48,48,0,0,0,48-48V336A16,16,0,0,0,432,320ZM488,0h-128c-21.37,0-32.05,25.91-17,41l35.73,35.73L135,320.37a24,24,0,0,0,0,34L157.67,377a24,24,0,0,0,34,0L435.28,133.32,471,169c15,15,41,4.5,41-17V24A24,24,0,0,0,488,0Z\"><\/path><\/svg><\/span><span>Read Full Story...<\/span><\/a><\/div><\/div><\/div><\/div><\/article><\/section><div class=\"wpr-grid-pagination elementor-clearfix wpr-grid-pagination-load-more\" data-pages=\"2\"><a href=\"https:\/\/digital1s4.perdigital.cl\/sitio4\/wp-json\/wp\/v2\/pages\/276\/page\/2\/\" class=\"wpr-load-more-btn\" data-e-disable-page-transition >Load More<\/a><div class=\"wpr-pagination-loading\"><div class=\"wpr-double-bounce\"><div class=\"wpr-child wpr-double-bounce1\"><\/div><div class=\"wpr-child wpr-double-bounce2\"><\/div><\/div><\/div><p class=\"wpr-pagination-finish\">End of Content.<\/p><\/div>\t\t\t\t<\/div>\n\t\t\t\t<div class=\"elementor-element elementor-element-99fa142 elementor-widget elementor-widget-google_maps\" data-id=\"99fa142\" data-element_type=\"widget\" data-e-type=\"widget\" data-widget_type=\"google_maps.default\">\n\t\t\t\t\t\t\t<div class=\"elementor-custom-embed\">\n\t\t\t<iframe loading=\"lazy\"\n\t\t\t\t\tsrc=\"https:\/\/maps.google.com\/maps?q=London%20Eye%2C%20Londres%2C%20Reino%20Unido&#038;t=m&#038;z=10&#038;output=embed&#038;iwloc=near\"\n\t\t\t\t\ttitle=\"London Eye, Londres, Reino Unido\"\n\t\t\t\t\taria-label=\"London Eye, Londres, Reino Unido\"\n\t\t\t><\/iframe>\n\t\t<\/div>\n\t\t\t\t\t\t<\/div>\n\t\t\t\t\t<\/div>\n\t\t<\/div>\n\t\t\t\t\t<\/div>\n\t\t<\/section>\n\t\t\t\t<\/div>\n\t\t","protected":false},"excerpt":{"rendered":"<p>All Cultura Investigaci\u00f3n Pol\u00edtica Salud &nbsp;&nbsp;Back An\u00e1lisis y Opini\u00f3n publica &nbsp;&nbsp;Back Diversidad e Identidad Patrimonio Marcha de estudiantes causa pol\u00e9mica Pol\u00edtica Hoy, y ya por sexto d\u00eda consecutivo, estudiantes secundarios realizaron tomas de liceos emblem\u00e1ticos de Santiago. En esta ocasi\u00f3n, y&#8230; Read Full Story&#8230; Ecuador : Sistema de Salud en crisis Salud Debido al desabastecimiento de insumos m\u00e9dicos y medicamentos, generando una imposibilidad de brindar atenci\u00f3n a la poblaci\u00f3n ecuatoriana.&nbsp; Read Full Story&#8230; Uruguay en crisis An\u00e1lisis y Opini\u00f3n publica, Pol\u00edtica Desaf\u00edos de una poblaci\u00f3n estancada&nbsp; Tras la baja taza de fecundaci\u00f3n se confirma que Uruguay es uno de los pa\u00edses&#8230; Read Full Story&#8230; Load More End of Content.<\/p>\n","protected":false},"author":18,"featured_media":0,"parent":0,"menu_order":0,"comment_status":"closed","ping_status":"closed","template":"elementor_header_footer","meta":{"footnotes":""},"class_list":["post-276","page","type-page","status-publish","hentry"],"yoast_head":"<!-- This site is optimized with the Yoast SEO plugin v27.0 - https:\/\/yoast.com\/product\/yoast-seo-wordpress\/ -->\n<title>La pampa - Sitio 4<\/title>\n<meta name=\"robots\" content=\"index, follow, max-snippet:-1, max-image-preview:large, max-video-preview:-1\" \/>\n<link rel=\"canonical\" href=\"https:\/\/digital1s4.perdigital.cl\/sitio4\/\" \/>\n<meta property=\"og:locale\" content=\"es_ES\" \/>\n<meta property=\"og:type\" content=\"article\" \/>\n<meta property=\"og:title\" content=\"La pampa - Sitio 4\" \/>\n<meta property=\"og:description\" content=\"All Cultura Investigaci\u00f3n Pol\u00edtica Salud &nbsp;&nbsp;Back An\u00e1lisis y Opini\u00f3n publica &nbsp;&nbsp;Back Diversidad e Identidad Patrimonio Marcha de estudiantes causa pol\u00e9mica Pol\u00edtica Hoy, y ya por sexto d\u00eda consecutivo, estudiantes secundarios realizaron tomas de liceos emblem\u00e1ticos de Santiago. En esta ocasi\u00f3n, y&#8230; Read Full Story&#8230; Ecuador : Sistema de Salud en crisis Salud Debido al desabastecimiento de insumos m\u00e9dicos y medicamentos, generando una imposibilidad de brindar atenci\u00f3n a la poblaci\u00f3n ecuatoriana.&nbsp; Read Full Story&#8230; Uruguay en crisis An\u00e1lisis y Opini\u00f3n publica, Pol\u00edtica Desaf\u00edos de una poblaci\u00f3n estancada&nbsp; Tras la baja taza de fecundaci\u00f3n se confirma que Uruguay es uno de los pa\u00edses&#8230; Read Full Story&#8230; Load More End of Content.\" \/>\n<meta property=\"og:url\" content=\"https:\/\/digital1s4.perdigital.cl\/sitio4\/\" \/>\n<meta property=\"og:site_name\" content=\"Sitio 4\" \/>\n<meta property=\"article:modified_time\" content=\"2026-05-13T21:00:12+00:00\" \/>\n<meta name=\"twitter:card\" content=\"summary_large_image\" \/>\n<meta name=\"twitter:label1\" content=\"Tiempo estimado de lectura\" \/>\n\t<meta name=\"twitter:data1\" content=\"1 minuto\" \/>\n<script type=\"application\/ld+json\" class=\"yoast-schema-graph\">{\"@context\":\"https:\/\/schema.org\",\"@graph\":[{\"@type\":\"WebPage\",\"@id\":\"https:\/\/digital1s4.perdigital.cl\/sitio4\/\",\"url\":\"https:\/\/digital1s4.perdigital.cl\/sitio4\/\",\"name\":\"La pampa - Sitio 4\",\"isPartOf\":{\"@id\":\"https:\/\/digital1s4.perdigital.cl\/sitio4\/#website\"},\"datePublished\":\"2026-05-13T20:22:18+00:00\",\"dateModified\":\"2026-05-13T21:00:12+00:00\",\"breadcrumb\":{\"@id\":\"https:\/\/digital1s4.perdigital.cl\/sitio4\/#breadcrumb\"},\"inLanguage\":\"es-CL\",\"potentialAction\":[{\"@type\":\"ReadAction\",\"target\":[\"https:\/\/digital1s4.perdigital.cl\/sitio4\/\"]}]},{\"@type\":\"BreadcrumbList\",\"@id\":\"https:\/\/digital1s4.perdigital.cl\/sitio4\/#breadcrumb\",\"itemListElement\":[{\"@type\":\"ListItem\",\"position\":1,\"name\":\"Portada\",\"item\":\"https:\/\/digital1s4.perdigital.cl\/sitio4\/\"},{\"@type\":\"ListItem\",\"position\":2,\"name\":\"La pampa\"}]},{\"@type\":\"WebSite\",\"@id\":\"https:\/\/digital1s4.perdigital.cl\/sitio4\/#website\",\"url\":\"https:\/\/digital1s4.perdigital.cl\/sitio4\/\",\"name\":\"Sitio 4\",\"description\":\"A trav\u00e9s de este sitio buscamos equiparar la brecha informativa \",\"potentialAction\":[{\"@type\":\"SearchAction\",\"target\":{\"@type\":\"EntryPoint\",\"urlTemplate\":\"https:\/\/digital1s4.perdigital.cl\/sitio4\/?s={search_term_string}\"},\"query-input\":{\"@type\":\"PropertyValueSpecification\",\"valueRequired\":true,\"valueName\":\"search_term_string\"}}],\"inLanguage\":\"es-CL\"}]}<\/script>\n<!-- \/ Yoast SEO plugin. -->","yoast_head_json":{"title":"La pampa - Sitio 4","robots":{"index":"index","follow":"follow","max-snippet":"max-snippet:-1","max-image-preview":"max-image-preview:large","max-video-preview":"max-video-preview:-1"},"canonical":"https:\/\/digital1s4.perdigital.cl\/sitio4\/","og_locale":"es_ES","og_type":"article","og_title":"La pampa - Sitio 4","og_description":"All Cultura Investigaci\u00f3n Pol\u00edtica Salud &nbsp;&nbsp;Back An\u00e1lisis y Opini\u00f3n publica &nbsp;&nbsp;Back Diversidad e Identidad Patrimonio Marcha de estudiantes causa pol\u00e9mica Pol\u00edtica Hoy, y ya por sexto d\u00eda consecutivo, estudiantes secundarios realizaron tomas de liceos emblem\u00e1ticos de Santiago. En esta ocasi\u00f3n, y&#8230; Read Full Story&#8230; Ecuador : Sistema de Salud en crisis Salud Debido al desabastecimiento de insumos m\u00e9dicos y medicamentos, generando una imposibilidad de brindar atenci\u00f3n a la poblaci\u00f3n ecuatoriana.&nbsp; Read Full Story&#8230; Uruguay en crisis An\u00e1lisis y Opini\u00f3n publica, Pol\u00edtica Desaf\u00edos de una poblaci\u00f3n estancada&nbsp; Tras la baja taza de fecundaci\u00f3n se confirma que Uruguay es uno de los pa\u00edses&#8230; Read Full Story&#8230; Load More End of Content.","og_url":"https:\/\/digital1s4.perdigital.cl\/sitio4\/","og_site_name":"Sitio 4","article_modified_time":"2026-05-13T21:00:12+00:00","twitter_card":"summary_large_image","twitter_misc":{"Tiempo estimado de lectura":"1 minuto"},"schema":{"@context":"https:\/\/schema.org","@graph":[{"@type":"WebPage","@id":"https:\/\/digital1s4.perdigital.cl\/sitio4\/","url":"https:\/\/digital1s4.perdigital.cl\/sitio4\/","name":"La pampa - Sitio 4","isPartOf":{"@id":"https:\/\/digital1s4.perdigital.cl\/sitio4\/#website"},"datePublished":"2026-05-13T20:22:18+00:00","dateModified":"2026-05-13T21:00:12+00:00","breadcrumb":{"@id":"https:\/\/digital1s4.perdigital.cl\/sitio4\/#breadcrumb"},"inLanguage":"es-CL","potentialAction":[{"@type":"ReadAction","target":["https:\/\/digital1s4.perdigital.cl\/sitio4\/"]}]},{"@type":"BreadcrumbList","@id":"https:\/\/digital1s4.perdigital.cl\/sitio4\/#breadcrumb","itemListElement":[{"@type":"ListItem","position":1,"name":"Portada","item":"https:\/\/digital1s4.perdigital.cl\/sitio4\/"},{"@type":"ListItem","position":2,"name":"La pampa"}]},{"@type":"WebSite","@id":"https:\/\/digital1s4.perdigital.cl\/sitio4\/#website","url":"https:\/\/digital1s4.perdigital.cl\/sitio4\/","name":"Sitio 4","description":"A trav\u00e9s de este sitio buscamos equiparar la brecha informativa ","potentialAction":[{"@type":"SearchAction","target":{"@type":"EntryPoint","urlTemplate":"https:\/\/digital1s4.perdigital.cl\/sitio4\/?s={search_term_string}"},"query-input":{"@type":"PropertyValueSpecification","valueRequired":true,"valueName":"search_term_string"}}],"inLanguage":"es-CL"}]}},"_links":{"self":[{"href":"https:\/\/digital1s4.perdigital.cl\/sitio4\/wp-json\/wp\/v2\/pages\/276","targetHints":{"allow":["GET"]}}],"collection":[{"href":"https:\/\/digital1s4.perdigital.cl\/sitio4\/wp-json\/wp\/v2\/pages"}],"about":[{"href":"https:\/\/digital1s4.perdigital.cl\/sitio4\/wp-json\/wp\/v2\/types\/page"}],"author":[{"embeddable":true,"href":"https:\/\/digital1s4.perdigital.cl\/sitio4\/wp-json\/wp\/v2\/users\/18"}],"replies":[{"embeddable":true,"href":"https:\/\/digital1s4.perdigital.cl\/sitio4\/wp-json\/wp\/v2\/comments?post=276"}],"version-history":[{"count":13,"href":"https:\/\/digital1s4.perdigital.cl\/sitio4\/wp-json\/wp\/v2\/pages\/276\/revisions"}],"predecessor-version":[{"id":306,"href":"https:\/\/digital1s4.perdigital.cl\/sitio4\/wp-json\/wp\/v2\/pages\/276\/revisions\/306"}],"wp:attachment":[{"href":"https:\/\/digital1s4.perdigital.cl\/sitio4\/wp-json\/wp\/v2\/media?parent=276"}],"curies":[{"name":"wp","href":"https:\/\/api.w.org\/{rel}","templated":true}]}}