{"id":86,"date":"2026-04-30T19:18:18","date_gmt":"2026-04-30T22:18:18","guid":{"rendered":"https:\/\/digital1s4.perdigital.cl\/sitio10\/?page_id=86"},"modified":"2026-05-13T00:57:28","modified_gmt":"2026-05-13T03:57:28","slug":"nosotros","status":"publish","type":"page","link":"https:\/\/digital1s4.perdigital.cl\/sitio10\/nosotros\/","title":{"rendered":"Nosotros"},"content":{"rendered":"<p data-interaction-id=\"7175328\">\n\t\t\t\t\t\t\t\tSecci\u00f3n dedicada a entregar informaci\u00f3n sobre medio, el prop\u00f3sito y sus integrantes, con el fin de fortalecer la transparencia y confianza.\n\t\t\t\t\t<\/p>\n\n\n<p><\/p>\n","protected":false},"excerpt":{"rendered":"<p>Secci\u00f3n dedicada a entregar informaci\u00f3n sobre medio, el prop\u00f3sito y sus integrantes, con el fin de fortalecer la transparencia y confianza.<\/p>\n","protected":false},"author":22,"featured_media":0,"parent":0,"menu_order":0,"comment_status":"closed","ping_status":"closed","template":"","meta":{"footnotes":""},"class_list":["post-86","page","type-page","status-publish","hentry"],"yoast_head":"<!-- This site is optimized with the Yoast SEO plugin v27.0 - https:\/\/yoast.com\/product\/yoast-seo-wordpress\/ -->\n<title>Nosotros - DataCruda<\/title>\n<meta name=\"robots\" content=\"index, follow, max-snippet:-1, max-image-preview:large, max-video-preview:-1\" \/>\n<link rel=\"canonical\" href=\"https:\/\/digital1s4.perdigital.cl\/sitio10\/nosotros\/\" \/>\n<meta property=\"og:locale\" content=\"es_ES\" \/>\n<meta property=\"og:type\" content=\"article\" \/>\n<meta property=\"og:title\" content=\"Nosotros - DataCruda\" \/>\n<meta property=\"og:description\" content=\"Secci\u00f3n dedicada a entregar informaci\u00f3n sobre medio, el prop\u00f3sito y sus integrantes, con el fin de fortalecer la transparencia y confianza.\" \/>\n<meta property=\"og:url\" content=\"https:\/\/digital1s4.perdigital.cl\/sitio10\/nosotros\/\" \/>\n<meta property=\"og:site_name\" content=\"DataCruda\" \/>\n<meta property=\"article:modified_time\" content=\"2026-05-13T03:57:28+00:00\" \/>\n<meta name=\"twitter:card\" content=\"summary_large_image\" \/>\n<meta name=\"twitter:label1\" content=\"Tiempo estimado de lectura\" \/>\n\t<meta name=\"twitter:data1\" content=\"1 minuto\" \/>\n<script type=\"application\/ld+json\" class=\"yoast-schema-graph\">{\"@context\":\"https:\/\/schema.org\",\"@graph\":[{\"@type\":\"WebPage\",\"@id\":\"https:\/\/digital1s4.perdigital.cl\/sitio10\/nosotros\/\",\"url\":\"https:\/\/digital1s4.perdigital.cl\/sitio10\/nosotros\/\",\"name\":\"Nosotros - DataCruda\",\"isPartOf\":{\"@id\":\"https:\/\/digital1s4.perdigital.cl\/sitio10\/#website\"},\"datePublished\":\"2026-04-30T22:18:18+00:00\",\"dateModified\":\"2026-05-13T03:57:28+00:00\",\"breadcrumb\":{\"@id\":\"https:\/\/digital1s4.perdigital.cl\/sitio10\/nosotros\/#breadcrumb\"},\"inLanguage\":\"es-CL\",\"potentialAction\":[{\"@type\":\"ReadAction\",\"target\":[\"https:\/\/digital1s4.perdigital.cl\/sitio10\/nosotros\/\"]}]},{\"@type\":\"BreadcrumbList\",\"@id\":\"https:\/\/digital1s4.perdigital.cl\/sitio10\/nosotros\/#breadcrumb\",\"itemListElement\":[{\"@type\":\"ListItem\",\"position\":1,\"name\":\"Portada\",\"item\":\"https:\/\/digital1s4.perdigital.cl\/sitio10\/\"},{\"@type\":\"ListItem\",\"position\":2,\"name\":\"Nosotros\"}]},{\"@type\":\"WebSite\",\"@id\":\"https:\/\/digital1s4.perdigital.cl\/sitio10\/#website\",\"url\":\"https:\/\/digital1s4.perdigital.cl\/sitio10\/\",\"name\":\"DataCruda\",\"description\":\"Es un medio periodistico donde simplificaremos las noticias m\u00e1s complejas en informaci\u00f3n clara, \u00fatil, confiable e inmediata. Informaremos sin ning\u00fan tipo de sesgo para eliminar la sensaci\u00f3n de distancia existente entre pol\u00edtica, econom\u00eda y la vida cotidiana de las personas.\",\"potentialAction\":[{\"@type\":\"SearchAction\",\"target\":{\"@type\":\"EntryPoint\",\"urlTemplate\":\"https:\/\/digital1s4.perdigital.cl\/sitio10\/?s={search_term_string}\"},\"query-input\":{\"@type\":\"PropertyValueSpecification\",\"valueRequired\":true,\"valueName\":\"search_term_string\"}}],\"inLanguage\":\"es-CL\"}]}<\/script>\n<!-- \/ Yoast SEO plugin. -->","yoast_head_json":{"title":"Nosotros - DataCruda","robots":{"index":"index","follow":"follow","max-snippet":"max-snippet:-1","max-image-preview":"max-image-preview:large","max-video-preview":"max-video-preview:-1"},"canonical":"https:\/\/digital1s4.perdigital.cl\/sitio10\/nosotros\/","og_locale":"es_ES","og_type":"article","og_title":"Nosotros - DataCruda","og_description":"Secci\u00f3n dedicada a entregar informaci\u00f3n sobre medio, el prop\u00f3sito y sus integrantes, con el fin de fortalecer la transparencia y confianza.","og_url":"https:\/\/digital1s4.perdigital.cl\/sitio10\/nosotros\/","og_site_name":"DataCruda","article_modified_time":"2026-05-13T03:57:28+00:00","twitter_card":"summary_large_image","twitter_misc":{"Tiempo estimado de lectura":"1 minuto"},"schema":{"@context":"https:\/\/schema.org","@graph":[{"@type":"WebPage","@id":"https:\/\/digital1s4.perdigital.cl\/sitio10\/nosotros\/","url":"https:\/\/digital1s4.perdigital.cl\/sitio10\/nosotros\/","name":"Nosotros - DataCruda","isPartOf":{"@id":"https:\/\/digital1s4.perdigital.cl\/sitio10\/#website"},"datePublished":"2026-04-30T22:18:18+00:00","dateModified":"2026-05-13T03:57:28+00:00","breadcrumb":{"@id":"https:\/\/digital1s4.perdigital.cl\/sitio10\/nosotros\/#breadcrumb"},"inLanguage":"es-CL","potentialAction":[{"@type":"ReadAction","target":["https:\/\/digital1s4.perdigital.cl\/sitio10\/nosotros\/"]}]},{"@type":"BreadcrumbList","@id":"https:\/\/digital1s4.perdigital.cl\/sitio10\/nosotros\/#breadcrumb","itemListElement":[{"@type":"ListItem","position":1,"name":"Portada","item":"https:\/\/digital1s4.perdigital.cl\/sitio10\/"},{"@type":"ListItem","position":2,"name":"Nosotros"}]},{"@type":"WebSite","@id":"https:\/\/digital1s4.perdigital.cl\/sitio10\/#website","url":"https:\/\/digital1s4.perdigital.cl\/sitio10\/","name":"DataCruda","description":"Es un medio periodistico donde simplificaremos las noticias m\u00e1s complejas en informaci\u00f3n clara, \u00fatil, confiable e inmediata. Informaremos sin ning\u00fan tipo de sesgo para eliminar la sensaci\u00f3n de distancia existente entre pol\u00edtica, econom\u00eda y la vida cotidiana de las personas.","potentialAction":[{"@type":"SearchAction","target":{"@type":"EntryPoint","urlTemplate":"https:\/\/digital1s4.perdigital.cl\/sitio10\/?s={search_term_string}"},"query-input":{"@type":"PropertyValueSpecification","valueRequired":true,"valueName":"search_term_string"}}],"inLanguage":"es-CL"}]}},"_links":{"self":[{"href":"https:\/\/digital1s4.perdigital.cl\/sitio10\/wp-json\/wp\/v2\/pages\/86","targetHints":{"allow":["GET"]}}],"collection":[{"href":"https:\/\/digital1s4.perdigital.cl\/sitio10\/wp-json\/wp\/v2\/pages"}],"about":[{"href":"https:\/\/digital1s4.perdigital.cl\/sitio10\/wp-json\/wp\/v2\/types\/page"}],"author":[{"embeddable":true,"href":"https:\/\/digital1s4.perdigital.cl\/sitio10\/wp-json\/wp\/v2\/users\/22"}],"replies":[{"embeddable":true,"href":"https:\/\/digital1s4.perdigital.cl\/sitio10\/wp-json\/wp\/v2\/comments?post=86"}],"version-history":[{"count":5,"href":"https:\/\/digital1s4.perdigital.cl\/sitio10\/wp-json\/wp\/v2\/pages\/86\/revisions"}],"predecessor-version":[{"id":149,"href":"https:\/\/digital1s4.perdigital.cl\/sitio10\/wp-json\/wp\/v2\/pages\/86\/revisions\/149"}],"wp:attachment":[{"href":"https:\/\/digital1s4.perdigital.cl\/sitio10\/wp-json\/wp\/v2\/media?parent=86"}],"curies":[{"name":"wp","href":"https:\/\/api.w.org\/{rel}","templated":true}]}}