{"id":80,"date":"2026-04-30T19:14:51","date_gmt":"2026-04-30T22:14:51","guid":{"rendered":"https:\/\/digital1s4.perdigital.cl\/sitio10\/?page_id=80"},"modified":"2026-04-30T19:17:04","modified_gmt":"2026-04-30T22:17:04","slug":"m","status":"publish","type":"page","link":"https:\/\/digital1s4.perdigital.cl\/sitio10\/m\/","title":{"rendered":"Multimedia"},"content":{"rendered":"\t\t<div data-elementor-type=\"wp-page\" data-elementor-id=\"80\" class=\"elementor elementor-80\">\n\t\t\t\t<div class=\"elementor-element elementor-element-963ba70 e-flex e-con-boxed wpr-particle-no wpr-jarallax-no wpr-parallax-no wpr-sticky-section-no wpr-column-slider-no wpr-equal-height-no e-con e-parent\" data-id=\"963ba70\" data-element_type=\"container\" data-e-type=\"container\">\n\t\t\t\t\t<div class=\"e-con-inner\">\n\t\t\t\t\t\t\t\t<p class=\"e-paragraph-base\" data-interaction-id=\"4fea28c\"  >\n\t\t\t\t\t\t\t\tContenidos en formatos audiovisuales y de consumo r\u00e1pido, pensado y adaptado para los medios digitales.\n\t\t\t\t\t<\/p>\n\t\t\t\t\t<\/div>\n\t\t\t\t<\/div>\n\t\t\t\t<\/div>\n\t\t","protected":false},"excerpt":{"rendered":"<p>Contenidos en formatos audiovisuales y de consumo r\u00e1pido, pensado y adaptado para los medios digitales.<\/p>\n","protected":false},"author":22,"featured_media":0,"parent":0,"menu_order":0,"comment_status":"closed","ping_status":"closed","template":"","meta":{"footnotes":""},"class_list":["post-80","page","type-page","status-publish","hentry"],"yoast_head":"<!-- This site is optimized with the Yoast SEO plugin v27.0 - https:\/\/yoast.com\/product\/yoast-seo-wordpress\/ -->\n<title>Multimedia - DataCruda<\/title>\n<meta name=\"robots\" content=\"index, follow, max-snippet:-1, max-image-preview:large, max-video-preview:-1\" \/>\n<link rel=\"canonical\" href=\"https:\/\/digital1s4.perdigital.cl\/sitio10\/m\/\" \/>\n<meta property=\"og:locale\" content=\"es_ES\" \/>\n<meta property=\"og:type\" content=\"article\" \/>\n<meta property=\"og:title\" content=\"Multimedia - DataCruda\" \/>\n<meta property=\"og:description\" content=\"Contenidos en formatos audiovisuales y de consumo r\u00e1pido, pensado y adaptado para los medios digitales.\" \/>\n<meta property=\"og:url\" content=\"https:\/\/digital1s4.perdigital.cl\/sitio10\/m\/\" \/>\n<meta property=\"og:site_name\" content=\"DataCruda\" \/>\n<meta property=\"article:modified_time\" content=\"2026-04-30T22:17:04+00:00\" \/>\n<meta name=\"twitter:card\" content=\"summary_large_image\" \/>\n<meta name=\"twitter:label1\" content=\"Tiempo estimado de lectura\" \/>\n\t<meta name=\"twitter:data1\" content=\"1 minuto\" \/>\n<script type=\"application\/ld+json\" class=\"yoast-schema-graph\">{\"@context\":\"https:\/\/schema.org\",\"@graph\":[{\"@type\":\"WebPage\",\"@id\":\"https:\/\/digital1s4.perdigital.cl\/sitio10\/m\/\",\"url\":\"https:\/\/digital1s4.perdigital.cl\/sitio10\/m\/\",\"name\":\"Multimedia - DataCruda\",\"isPartOf\":{\"@id\":\"https:\/\/digital1s4.perdigital.cl\/sitio10\/#website\"},\"datePublished\":\"2026-04-30T22:14:51+00:00\",\"dateModified\":\"2026-04-30T22:17:04+00:00\",\"breadcrumb\":{\"@id\":\"https:\/\/digital1s4.perdigital.cl\/sitio10\/m\/#breadcrumb\"},\"inLanguage\":\"es-CL\",\"potentialAction\":[{\"@type\":\"ReadAction\",\"target\":[\"https:\/\/digital1s4.perdigital.cl\/sitio10\/m\/\"]}]},{\"@type\":\"BreadcrumbList\",\"@id\":\"https:\/\/digital1s4.perdigital.cl\/sitio10\/m\/#breadcrumb\",\"itemListElement\":[{\"@type\":\"ListItem\",\"position\":1,\"name\":\"Portada\",\"item\":\"https:\/\/digital1s4.perdigital.cl\/sitio10\/\"},{\"@type\":\"ListItem\",\"position\":2,\"name\":\"Multimedia\"}]},{\"@type\":\"WebSite\",\"@id\":\"https:\/\/digital1s4.perdigital.cl\/sitio10\/#website\",\"url\":\"https:\/\/digital1s4.perdigital.cl\/sitio10\/\",\"name\":\"DataCruda\",\"description\":\"Es un medio periodistico donde simplificaremos las noticias m\u00e1s complejas en informaci\u00f3n clara, \u00fatil, confiable e inmediata. Informaremos sin ning\u00fan tipo de sesgo para eliminar la sensaci\u00f3n de distancia existente entre pol\u00edtica, econom\u00eda y la vida cotidiana de las personas.\",\"potentialAction\":[{\"@type\":\"SearchAction\",\"target\":{\"@type\":\"EntryPoint\",\"urlTemplate\":\"https:\/\/digital1s4.perdigital.cl\/sitio10\/?s={search_term_string}\"},\"query-input\":{\"@type\":\"PropertyValueSpecification\",\"valueRequired\":true,\"valueName\":\"search_term_string\"}}],\"inLanguage\":\"es-CL\"}]}<\/script>\n<!-- \/ Yoast SEO plugin. -->","yoast_head_json":{"title":"Multimedia - DataCruda","robots":{"index":"index","follow":"follow","max-snippet":"max-snippet:-1","max-image-preview":"max-image-preview:large","max-video-preview":"max-video-preview:-1"},"canonical":"https:\/\/digital1s4.perdigital.cl\/sitio10\/m\/","og_locale":"es_ES","og_type":"article","og_title":"Multimedia - DataCruda","og_description":"Contenidos en formatos audiovisuales y de consumo r\u00e1pido, pensado y adaptado para los medios digitales.","og_url":"https:\/\/digital1s4.perdigital.cl\/sitio10\/m\/","og_site_name":"DataCruda","article_modified_time":"2026-04-30T22:17:04+00:00","twitter_card":"summary_large_image","twitter_misc":{"Tiempo estimado de lectura":"1 minuto"},"schema":{"@context":"https:\/\/schema.org","@graph":[{"@type":"WebPage","@id":"https:\/\/digital1s4.perdigital.cl\/sitio10\/m\/","url":"https:\/\/digital1s4.perdigital.cl\/sitio10\/m\/","name":"Multimedia - DataCruda","isPartOf":{"@id":"https:\/\/digital1s4.perdigital.cl\/sitio10\/#website"},"datePublished":"2026-04-30T22:14:51+00:00","dateModified":"2026-04-30T22:17:04+00:00","breadcrumb":{"@id":"https:\/\/digital1s4.perdigital.cl\/sitio10\/m\/#breadcrumb"},"inLanguage":"es-CL","potentialAction":[{"@type":"ReadAction","target":["https:\/\/digital1s4.perdigital.cl\/sitio10\/m\/"]}]},{"@type":"BreadcrumbList","@id":"https:\/\/digital1s4.perdigital.cl\/sitio10\/m\/#breadcrumb","itemListElement":[{"@type":"ListItem","position":1,"name":"Portada","item":"https:\/\/digital1s4.perdigital.cl\/sitio10\/"},{"@type":"ListItem","position":2,"name":"Multimedia"}]},{"@type":"WebSite","@id":"https:\/\/digital1s4.perdigital.cl\/sitio10\/#website","url":"https:\/\/digital1s4.perdigital.cl\/sitio10\/","name":"DataCruda","description":"Es un medio periodistico donde simplificaremos las noticias m\u00e1s complejas en informaci\u00f3n clara, \u00fatil, confiable e inmediata. Informaremos sin ning\u00fan tipo de sesgo para eliminar la sensaci\u00f3n de distancia existente entre pol\u00edtica, econom\u00eda y la vida cotidiana de las personas.","potentialAction":[{"@type":"SearchAction","target":{"@type":"EntryPoint","urlTemplate":"https:\/\/digital1s4.perdigital.cl\/sitio10\/?s={search_term_string}"},"query-input":{"@type":"PropertyValueSpecification","valueRequired":true,"valueName":"search_term_string"}}],"inLanguage":"es-CL"}]}},"_links":{"self":[{"href":"https:\/\/digital1s4.perdigital.cl\/sitio10\/wp-json\/wp\/v2\/pages\/80","targetHints":{"allow":["GET"]}}],"collection":[{"href":"https:\/\/digital1s4.perdigital.cl\/sitio10\/wp-json\/wp\/v2\/pages"}],"about":[{"href":"https:\/\/digital1s4.perdigital.cl\/sitio10\/wp-json\/wp\/v2\/types\/page"}],"author":[{"embeddable":true,"href":"https:\/\/digital1s4.perdigital.cl\/sitio10\/wp-json\/wp\/v2\/users\/22"}],"replies":[{"embeddable":true,"href":"https:\/\/digital1s4.perdigital.cl\/sitio10\/wp-json\/wp\/v2\/comments?post=80"}],"version-history":[{"count":4,"href":"https:\/\/digital1s4.perdigital.cl\/sitio10\/wp-json\/wp\/v2\/pages\/80\/revisions"}],"predecessor-version":[{"id":84,"href":"https:\/\/digital1s4.perdigital.cl\/sitio10\/wp-json\/wp\/v2\/pages\/80\/revisions\/84"}],"wp:attachment":[{"href":"https:\/\/digital1s4.perdigital.cl\/sitio10\/wp-json\/wp\/v2\/media?parent=80"}],"curies":[{"name":"wp","href":"https:\/\/api.w.org\/{rel}","templated":true}]}}