{"id":36,"date":"2026-04-22T18:05:35","date_gmt":"2026-04-22T21:05:35","guid":{"rendered":"https:\/\/digital1s4.perdigital.cl\/sitio10\/?page_id=36"},"modified":"2026-05-13T00:01:34","modified_gmt":"2026-05-13T03:01:34","slug":"noticias","status":"publish","type":"page","link":"https:\/\/digital1s4.perdigital.cl\/sitio10\/noticias\/","title":{"rendered":"Noticias"},"content":{"rendered":"\t\t<div data-elementor-type=\"wp-page\" data-elementor-id=\"36\" class=\"elementor elementor-36\">\n\t\t\t\t<div class=\"elementor-element elementor-element-10af58b e-flex e-con-boxed wpr-particle-no wpr-jarallax-no wpr-parallax-no wpr-sticky-section-no wpr-column-slider-no wpr-equal-height-no e-con e-parent\" data-id=\"10af58b\" data-element_type=\"container\" data-e-type=\"container\">\n\t\t\t\t\t<div class=\"e-con-inner\">\n\t\t\t\t\t\t\t\t<p class=\"e-fb946f0-2939112 e-paragraph-base\" data-interaction-id=\"fb946f0\"  >\n\t\t\t\t\t\t\t\tPolitica y Economia de ultima hora\n\t\t\t\t\t<\/p>\n\t\t\t\t\t\t\t\t<p class=\"e-f793bac-f99f186 e-paragraph-base\" data-interaction-id=\"f793bac\"  >\n\t\t\t\t\t\t\t\t<strong id=\"e-moajgkob-130o21i\">Gobierno Actual:<\/strong> El gobierno de Jos\u00e9 Antonio Kast comenz\u00f3 oficialmente el 11 de marzo de 2026, sucediendo a Gabriel Boric.<strong id=\"e-moajgkob-6oxn0ys\">Contexto Legislativo:<\/strong> Se reportan tensiones y negociaciones activas en el Congreso, incluyendo acuerdos y conflictos con partidos como el PDG (Partido de la Gente) sobre leyes miscel\u00e1neas.<strong id=\"e-moajgkob-i7wbtbh\">Actores Pol\u00edticos:<\/strong> Destacan el Partido Republicano de Chile, el Partido Comunista, y el Frente Amplio entre los partidos con representaci\u00f3n significativa.<strong id=\"e-moajgkob-31yfkqc\">Temas de Agenda:<\/strong> La discusi\u00f3n pol\u00edtica actual abarca la seguridad, las reformas econ\u00f3micas y la fiscalizaci\u00f3n de las acciones del nuevo ejecutivo.<br><br><strong id=\"e-moajgkob-84h5sts\">Fuente:https:\/\/www.elmostrador.cl\/<\/strong>\n\t\t\t\t\t<\/p>\n\t\t\t\t\t<\/div>\n\t\t\t\t<\/div>\n\t\t\t\t<div class=\"elementor-element elementor-element-418f162 e-con e-atomic-element e-flexbox-base\" data-id=\"418f162\" data-element_type=\"e-flexbox\" data-e-type=\"e-flexbox\" data-interaction-id=\"418f162\">\n\t\t\t\t\t\t\t\n\t\t\t<img class=\"e-image-base \" \n\t\t\t\t\tdata-interaction-id=\"03eaefd\" \n\t\t \n\t\t \n\t\t\t\t\t\t\t\t\tid=\"42\"\n\t\t\t\t\t\t\t\t\t\t\t\tsrc=\"https:\/\/digital1s4.perdigital.cl\/sitio10\/wp-content\/uploads\/sites\/11\/2026\/04\/foto_0000000220221229171839.jpg\"\n\t\t\t\t\t\t\t\t\t\t\t\twidth=\"1200\"\n\t\t\t\t\t\t\t\t\t\t\t\theight=\"685\"\n\t\t\t\t\t\t\t\t\t\t\t\tsrcset=\"https:\/\/digital1s4.perdigital.cl\/sitio10\/wp-content\/uploads\/sites\/11\/2026\/04\/foto_0000000220221229171839.jpg 1200w, https:\/\/digital1s4.perdigital.cl\/sitio10\/wp-content\/uploads\/sites\/11\/2026\/04\/foto_0000000220221229171839-300x171.jpg 300w, https:\/\/digital1s4.perdigital.cl\/sitio10\/wp-content\/uploads\/sites\/11\/2026\/04\/foto_0000000220221229171839-1024x585.jpg 1024w, https:\/\/digital1s4.perdigital.cl\/sitio10\/wp-content\/uploads\/sites\/11\/2026\/04\/foto_0000000220221229171839-768x438.jpg 768w\"\n\t\t\t\t\t\t\t\t\t\t\t\talt=\"\"\n\t\t\t\t\t\t\/>\n\t\t\t\t\t<\/div>\n\t\t<div class=\"elementor-element elementor-element-791fc86 e-flex e-con-boxed wpr-particle-no wpr-jarallax-no wpr-parallax-no wpr-sticky-section-no wpr-column-slider-no wpr-equal-height-no e-con e-parent\" data-id=\"791fc86\" data-element_type=\"container\" data-e-type=\"container\">\n\t\t\t\t\t<div class=\"e-con-inner\">\n\t\t\t\t\t\t\t\t<p class=\"e-e37e430-67bfb36 e-paragraph-base\" data-interaction-id=\"e37e430\"  >\n\t\t\t\t\t\t\t\t<strong id=\"e-moajhbln-hgtx5i1\">La econom\u00eda chilena est\u00e1 creciendo a su capacidad y la inflaci\u00f3n, tras un largo per\u00edodo, volvi\u00f3 a valores algo por debajo de la meta de 3%<\/strong>. La inflaci\u00f3n -el alza general de los precios- convergi\u00f3 a la meta a inicios de 2026 con una reducci\u00f3n algo m\u00e1s r\u00e1pida de lo que se preve\u00eda, llegando a 2,4% en febrero.<br><br>Fuente:&nbsp;https:\/\/www.bcentral.cl\/areas\/politica-monetaria\/informe-de-politica-monetaria&nbsp;\n\t\t\t\t\t<\/p>\n\t\t\t\t\t<\/div>\n\t\t\t\t<\/div>\n\t\t\t\t<div class=\"elementor-element elementor-element-f09f041 e-con e-atomic-element e-flexbox-base\" data-id=\"f09f041\" data-element_type=\"e-flexbox\" data-e-type=\"e-flexbox\" data-interaction-id=\"f09f041\">\n\t\t\t\t\t\t\t\n\t\t\t<img class=\"e-image-base \" \n\t\t\t\t\tdata-interaction-id=\"7b52127\" \n\t\t \n\t\t \n\t\t\t\t\t\t\t\t\tid=\"15\"\n\t\t\t\t\t\t\t\t\t\t\t\tsrc=\"https:\/\/digital1s4.perdigital.cl\/sitio10\/wp-content\/uploads\/sites\/11\/2026\/03\/image-1.png\"\n\t\t\t\t\t\t\t\t\t\t\t\twidth=\"626\"\n\t\t\t\t\t\t\t\t\t\t\t\theight=\"626\"\n\t\t\t\t\t\t\t\t\t\t\t\tsrcset=\"https:\/\/digital1s4.perdigital.cl\/sitio10\/wp-content\/uploads\/sites\/11\/2026\/03\/image-1.png 626w, https:\/\/digital1s4.perdigital.cl\/sitio10\/wp-content\/uploads\/sites\/11\/2026\/03\/image-1-300x300.png 300w, https:\/\/digital1s4.perdigital.cl\/sitio10\/wp-content\/uploads\/sites\/11\/2026\/03\/image-1-150x150.png 150w\"\n\t\t\t\t\t\t\t\t\t\t\t\talt=\"\"\n\t\t\t\t\t\t\/>\n\t\t\t\t\t<\/div>\n\t\t\t\t<\/div>\n\t\t","protected":false},"excerpt":{"rendered":"<p>Politica y Economia de ultima hora Gobierno Actual: El gobierno de Jos\u00e9 Antonio Kast comenz\u00f3 oficialmente el 11 de marzo de 2026, sucediendo a Gabriel Boric.Contexto Legislativo: Se reportan tensiones y negociaciones activas en el Congreso, incluyendo acuerdos y conflictos con partidos como el PDG (Partido de la Gente) sobre leyes miscel\u00e1neas.Actores Pol\u00edticos: Destacan el Partido Republicano de Chile, el Partido Comunista, y el Frente Amplio entre los partidos con representaci\u00f3n significativa.Temas de Agenda: La discusi\u00f3n pol\u00edtica actual abarca la seguridad, las reformas econ\u00f3micas y la fiscalizaci\u00f3n de las acciones del nuevo ejecutivo. Fuente:https:\/\/www.elmostrador.cl\/ La econom\u00eda chilena est\u00e1 creciendo a su capacidad y la inflaci\u00f3n, tras un largo per\u00edodo, volvi\u00f3 a valores algo por debajo de la meta de 3%. La inflaci\u00f3n -el alza general de los precios- convergi\u00f3 a la meta a inicios de 2026 con una reducci\u00f3n algo m\u00e1s r\u00e1pida de lo que se preve\u00eda, llegando a 2,4% en febrero. Fuente:&nbsp;https:\/\/www.bcentral.cl\/areas\/politica-monetaria\/informe-de-politica-monetaria&nbsp;<\/p>\n","protected":false},"author":22,"featured_media":0,"parent":0,"menu_order":0,"comment_status":"closed","ping_status":"closed","template":"","meta":{"footnotes":""},"class_list":["post-36","page","type-page","status-publish","hentry"],"yoast_head":"<!-- This site is optimized with the Yoast SEO plugin v27.0 - https:\/\/yoast.com\/product\/yoast-seo-wordpress\/ -->\n<title>Noticias - DataCruda<\/title>\n<meta name=\"robots\" content=\"index, follow, max-snippet:-1, max-image-preview:large, max-video-preview:-1\" \/>\n<link rel=\"canonical\" href=\"https:\/\/digital1s4.perdigital.cl\/sitio10\/noticias\/\" \/>\n<meta property=\"og:locale\" content=\"es_ES\" \/>\n<meta property=\"og:type\" content=\"article\" \/>\n<meta property=\"og:title\" content=\"Noticias - DataCruda\" \/>\n<meta property=\"og:description\" content=\"Politica y Economia de ultima hora Gobierno Actual: El gobierno de Jos\u00e9 Antonio Kast comenz\u00f3 oficialmente el 11 de marzo de 2026, sucediendo a Gabriel Boric.Contexto Legislativo: Se reportan tensiones y negociaciones activas en el Congreso, incluyendo acuerdos y conflictos con partidos como el PDG (Partido de la Gente) sobre leyes miscel\u00e1neas.Actores Pol\u00edticos: Destacan el Partido Republicano de Chile, el Partido Comunista, y el Frente Amplio entre los partidos con representaci\u00f3n significativa.Temas de Agenda: La discusi\u00f3n pol\u00edtica actual abarca la seguridad, las reformas econ\u00f3micas y la fiscalizaci\u00f3n de las acciones del nuevo ejecutivo. Fuente:https:\/\/www.elmostrador.cl\/ La econom\u00eda chilena est\u00e1 creciendo a su capacidad y la inflaci\u00f3n, tras un largo per\u00edodo, volvi\u00f3 a valores algo por debajo de la meta de 3%. La inflaci\u00f3n -el alza general de los precios- convergi\u00f3 a la meta a inicios de 2026 con una reducci\u00f3n algo m\u00e1s r\u00e1pida de lo que se preve\u00eda, llegando a 2,4% en febrero. Fuente:&nbsp;https:\/\/www.bcentral.cl\/areas\/politica-monetaria\/informe-de-politica-monetaria&nbsp;\" \/>\n<meta property=\"og:url\" content=\"https:\/\/digital1s4.perdigital.cl\/sitio10\/noticias\/\" \/>\n<meta property=\"og:site_name\" content=\"DataCruda\" \/>\n<meta property=\"article:modified_time\" content=\"2026-05-13T03:01:34+00:00\" \/>\n<meta property=\"og:image\" content=\"https:\/\/digital1s4.perdigital.cl\/sitio10\/wp-content\/uploads\/sites\/11\/2026\/04\/foto_0000000220221229171839.jpg\" \/>\n<meta name=\"twitter:card\" content=\"summary_large_image\" \/>\n<meta name=\"twitter:label1\" content=\"Tiempo estimado de lectura\" \/>\n\t<meta name=\"twitter:data1\" content=\"2 minutos\" \/>\n<script type=\"application\/ld+json\" class=\"yoast-schema-graph\">{\"@context\":\"https:\/\/schema.org\",\"@graph\":[{\"@type\":\"WebPage\",\"@id\":\"https:\/\/digital1s4.perdigital.cl\/sitio10\/noticias\/\",\"url\":\"https:\/\/digital1s4.perdigital.cl\/sitio10\/noticias\/\",\"name\":\"Noticias - DataCruda\",\"isPartOf\":{\"@id\":\"https:\/\/digital1s4.perdigital.cl\/sitio10\/#website\"},\"primaryImageOfPage\":{\"@id\":\"https:\/\/digital1s4.perdigital.cl\/sitio10\/noticias\/#primaryimage\"},\"image\":{\"@id\":\"https:\/\/digital1s4.perdigital.cl\/sitio10\/noticias\/#primaryimage\"},\"thumbnailUrl\":\"https:\/\/digital1s4.perdigital.cl\/sitio10\/wp-content\/uploads\/sites\/11\/2026\/04\/foto_0000000220221229171839.jpg\",\"datePublished\":\"2026-04-22T21:05:35+00:00\",\"dateModified\":\"2026-05-13T03:01:34+00:00\",\"breadcrumb\":{\"@id\":\"https:\/\/digital1s4.perdigital.cl\/sitio10\/noticias\/#breadcrumb\"},\"inLanguage\":\"es-CL\",\"potentialAction\":[{\"@type\":\"ReadAction\",\"target\":[\"https:\/\/digital1s4.perdigital.cl\/sitio10\/noticias\/\"]}]},{\"@type\":\"ImageObject\",\"inLanguage\":\"es-CL\",\"@id\":\"https:\/\/digital1s4.perdigital.cl\/sitio10\/noticias\/#primaryimage\",\"url\":\"https:\/\/digital1s4.perdigital.cl\/sitio10\/wp-content\/uploads\/sites\/11\/2026\/04\/foto_0000000220221229171839.jpg\",\"contentUrl\":\"https:\/\/digital1s4.perdigital.cl\/sitio10\/wp-content\/uploads\/sites\/11\/2026\/04\/foto_0000000220221229171839.jpg\",\"width\":1200,\"height\":685},{\"@type\":\"BreadcrumbList\",\"@id\":\"https:\/\/digital1s4.perdigital.cl\/sitio10\/noticias\/#breadcrumb\",\"itemListElement\":[{\"@type\":\"ListItem\",\"position\":1,\"name\":\"Portada\",\"item\":\"https:\/\/digital1s4.perdigital.cl\/sitio10\/\"},{\"@type\":\"ListItem\",\"position\":2,\"name\":\"Noticias\"}]},{\"@type\":\"WebSite\",\"@id\":\"https:\/\/digital1s4.perdigital.cl\/sitio10\/#website\",\"url\":\"https:\/\/digital1s4.perdigital.cl\/sitio10\/\",\"name\":\"DataCruda\",\"description\":\"Es un medio periodistico donde simplificaremos las noticias m\u00e1s complejas en informaci\u00f3n clara, \u00fatil, confiable e inmediata. Informaremos sin ning\u00fan tipo de sesgo para eliminar la sensaci\u00f3n de distancia existente entre pol\u00edtica, econom\u00eda y la vida cotidiana de las personas.\",\"potentialAction\":[{\"@type\":\"SearchAction\",\"target\":{\"@type\":\"EntryPoint\",\"urlTemplate\":\"https:\/\/digital1s4.perdigital.cl\/sitio10\/?s={search_term_string}\"},\"query-input\":{\"@type\":\"PropertyValueSpecification\",\"valueRequired\":true,\"valueName\":\"search_term_string\"}}],\"inLanguage\":\"es-CL\"}]}<\/script>\n<!-- \/ Yoast SEO plugin. -->","yoast_head_json":{"title":"Noticias - DataCruda","robots":{"index":"index","follow":"follow","max-snippet":"max-snippet:-1","max-image-preview":"max-image-preview:large","max-video-preview":"max-video-preview:-1"},"canonical":"https:\/\/digital1s4.perdigital.cl\/sitio10\/noticias\/","og_locale":"es_ES","og_type":"article","og_title":"Noticias - DataCruda","og_description":"Politica y Economia de ultima hora Gobierno Actual: El gobierno de Jos\u00e9 Antonio Kast comenz\u00f3 oficialmente el 11 de marzo de 2026, sucediendo a Gabriel Boric.Contexto Legislativo: Se reportan tensiones y negociaciones activas en el Congreso, incluyendo acuerdos y conflictos con partidos como el PDG (Partido de la Gente) sobre leyes miscel\u00e1neas.Actores Pol\u00edticos: Destacan el Partido Republicano de Chile, el Partido Comunista, y el Frente Amplio entre los partidos con representaci\u00f3n significativa.Temas de Agenda: La discusi\u00f3n pol\u00edtica actual abarca la seguridad, las reformas econ\u00f3micas y la fiscalizaci\u00f3n de las acciones del nuevo ejecutivo. Fuente:https:\/\/www.elmostrador.cl\/ La econom\u00eda chilena est\u00e1 creciendo a su capacidad y la inflaci\u00f3n, tras un largo per\u00edodo, volvi\u00f3 a valores algo por debajo de la meta de 3%. La inflaci\u00f3n -el alza general de los precios- convergi\u00f3 a la meta a inicios de 2026 con una reducci\u00f3n algo m\u00e1s r\u00e1pida de lo que se preve\u00eda, llegando a 2,4% en febrero. Fuente:&nbsp;https:\/\/www.bcentral.cl\/areas\/politica-monetaria\/informe-de-politica-monetaria&nbsp;","og_url":"https:\/\/digital1s4.perdigital.cl\/sitio10\/noticias\/","og_site_name":"DataCruda","article_modified_time":"2026-05-13T03:01:34+00:00","og_image":[{"url":"https:\/\/digital1s4.perdigital.cl\/sitio10\/wp-content\/uploads\/sites\/11\/2026\/04\/foto_0000000220221229171839.jpg","type":"","width":"","height":""}],"twitter_card":"summary_large_image","twitter_misc":{"Tiempo estimado de lectura":"2 minutos"},"schema":{"@context":"https:\/\/schema.org","@graph":[{"@type":"WebPage","@id":"https:\/\/digital1s4.perdigital.cl\/sitio10\/noticias\/","url":"https:\/\/digital1s4.perdigital.cl\/sitio10\/noticias\/","name":"Noticias - DataCruda","isPartOf":{"@id":"https:\/\/digital1s4.perdigital.cl\/sitio10\/#website"},"primaryImageOfPage":{"@id":"https:\/\/digital1s4.perdigital.cl\/sitio10\/noticias\/#primaryimage"},"image":{"@id":"https:\/\/digital1s4.perdigital.cl\/sitio10\/noticias\/#primaryimage"},"thumbnailUrl":"https:\/\/digital1s4.perdigital.cl\/sitio10\/wp-content\/uploads\/sites\/11\/2026\/04\/foto_0000000220221229171839.jpg","datePublished":"2026-04-22T21:05:35+00:00","dateModified":"2026-05-13T03:01:34+00:00","breadcrumb":{"@id":"https:\/\/digital1s4.perdigital.cl\/sitio10\/noticias\/#breadcrumb"},"inLanguage":"es-CL","potentialAction":[{"@type":"ReadAction","target":["https:\/\/digital1s4.perdigital.cl\/sitio10\/noticias\/"]}]},{"@type":"ImageObject","inLanguage":"es-CL","@id":"https:\/\/digital1s4.perdigital.cl\/sitio10\/noticias\/#primaryimage","url":"https:\/\/digital1s4.perdigital.cl\/sitio10\/wp-content\/uploads\/sites\/11\/2026\/04\/foto_0000000220221229171839.jpg","contentUrl":"https:\/\/digital1s4.perdigital.cl\/sitio10\/wp-content\/uploads\/sites\/11\/2026\/04\/foto_0000000220221229171839.jpg","width":1200,"height":685},{"@type":"BreadcrumbList","@id":"https:\/\/digital1s4.perdigital.cl\/sitio10\/noticias\/#breadcrumb","itemListElement":[{"@type":"ListItem","position":1,"name":"Portada","item":"https:\/\/digital1s4.perdigital.cl\/sitio10\/"},{"@type":"ListItem","position":2,"name":"Noticias"}]},{"@type":"WebSite","@id":"https:\/\/digital1s4.perdigital.cl\/sitio10\/#website","url":"https:\/\/digital1s4.perdigital.cl\/sitio10\/","name":"DataCruda","description":"Es un medio periodistico donde simplificaremos las noticias m\u00e1s complejas en informaci\u00f3n clara, \u00fatil, confiable e inmediata. Informaremos sin ning\u00fan tipo de sesgo para eliminar la sensaci\u00f3n de distancia existente entre pol\u00edtica, econom\u00eda y la vida cotidiana de las personas.","potentialAction":[{"@type":"SearchAction","target":{"@type":"EntryPoint","urlTemplate":"https:\/\/digital1s4.perdigital.cl\/sitio10\/?s={search_term_string}"},"query-input":{"@type":"PropertyValueSpecification","valueRequired":true,"valueName":"search_term_string"}}],"inLanguage":"es-CL"}]}},"_links":{"self":[{"href":"https:\/\/digital1s4.perdigital.cl\/sitio10\/wp-json\/wp\/v2\/pages\/36","targetHints":{"allow":["GET"]}}],"collection":[{"href":"https:\/\/digital1s4.perdigital.cl\/sitio10\/wp-json\/wp\/v2\/pages"}],"about":[{"href":"https:\/\/digital1s4.perdigital.cl\/sitio10\/wp-json\/wp\/v2\/types\/page"}],"author":[{"embeddable":true,"href":"https:\/\/digital1s4.perdigital.cl\/sitio10\/wp-json\/wp\/v2\/users\/22"}],"replies":[{"embeddable":true,"href":"https:\/\/digital1s4.perdigital.cl\/sitio10\/wp-json\/wp\/v2\/comments?post=36"}],"version-history":[{"count":7,"href":"https:\/\/digital1s4.perdigital.cl\/sitio10\/wp-json\/wp\/v2\/pages\/36\/revisions"}],"predecessor-version":[{"id":108,"href":"https:\/\/digital1s4.perdigital.cl\/sitio10\/wp-json\/wp\/v2\/pages\/36\/revisions\/108"}],"wp:attachment":[{"href":"https:\/\/digital1s4.perdigital.cl\/sitio10\/wp-json\/wp\/v2\/media?parent=36"}],"curies":[{"name":"wp","href":"https:\/\/api.w.org\/{rel}","templated":true}]}}