{"id":30,"date":"2026-04-29T17:49:30","date_gmt":"2026-04-29T20:49:30","guid":{"rendered":"https:\/\/digital1s4.perdigital.cl\/sitio10\/?page_id=30"},"modified":"2026-04-29T17:53:18","modified_gmt":"2026-04-29T20:53:18","slug":"reportajes","status":"publish","type":"page","link":"https:\/\/digital1s4.perdigital.cl\/sitio10\/reportajes\/","title":{"rendered":"Reportajes"},"content":{"rendered":"\t\t<div data-elementor-type=\"wp-page\" data-elementor-id=\"30\" class=\"elementor elementor-30\">\n\t\t\t\t<div class=\"elementor-element elementor-element-3943ed00 e-flex e-con-boxed wpr-particle-no wpr-jarallax-no wpr-parallax-no wpr-sticky-section-no wpr-column-slider-no wpr-equal-height-no e-con e-parent\" data-id=\"3943ed00\" data-element_type=\"container\" data-e-type=\"container\">\n\t\t\t\t\t<div class=\"e-con-inner\">\n\t\t\t\t<div class=\"elementor-element elementor-element-1c054f02 elementor-widget elementor-widget-text-editor\" data-id=\"1c054f02\" data-element_type=\"widget\" data-e-type=\"widget\" data-widget_type=\"text-editor.default\">\n\t\t\t\t\t\t\t\t\t\n<p class=\"has-accent-2-color has-text-color has-link-color wp-elements-1c64e29f902a89d6fdbb2c0f2e209fcc\"><\/p>\n\t\t\t\t\t\t\t\t<\/div>\n\t\t\t\t\t<\/div>\n\t\t\t\t<\/div>\n\t\t<div class=\"elementor-element elementor-element-930a658 e-flex e-con-boxed wpr-particle-no wpr-jarallax-no wpr-parallax-no wpr-sticky-section-no wpr-column-slider-no wpr-equal-height-no e-con e-parent\" data-id=\"930a658\" data-element_type=\"container\" data-e-type=\"container\">\n\t\t\t\t\t<div class=\"e-con-inner\">\n\t\t\t\t\t\t\t\t<p class=\"e-paragraph-base\" data-interaction-id=\"33bc5cf\"  >\n\t\t\t\t\t\t\t\tSecci\u00f3n dedicada a contenidos en mayor profundidad, investigaciones, an\u00e1lisis en mayor extensi\u00f3n, y desarrollo de temas que necesiten una contextualizaci\u00f3n m\u00e1s extensa.\n\t\t\t\t\t<\/p>\n\t\t\t\t\t<\/div>\n\t\t\t\t<\/div>\n\t\t<div class=\"elementor-element elementor-element-78112a1 e-flex e-con-boxed wpr-particle-no wpr-jarallax-no wpr-parallax-no wpr-sticky-section-no wpr-column-slider-no wpr-equal-height-no e-con e-parent\" data-id=\"78112a1\" data-element_type=\"container\" data-e-type=\"container\">\n\t\t\t\t\t<div class=\"e-con-inner\">\n\t\t\t\t\t\t\t\t<p class=\"e-paragraph-base\" data-interaction-id=\"d907923\"  >\n\t\t\t\t\t\t\t\thttps:\/\/www.youtube.com\/watch?v=lQRRaYZFSBU<br><br>Apartado de econom\u00eda de la actualidad\n\t\t\t\t\t<\/p>\n\t\t\t\t\t<\/div>\n\t\t\t\t<\/div>\n\t\t<div class=\"elementor-element elementor-element-e9d9552 e-flex e-con-boxed wpr-particle-no wpr-jarallax-no wpr-parallax-no wpr-sticky-section-no wpr-column-slider-no wpr-equal-height-no e-con e-parent\" data-id=\"e9d9552\" data-element_type=\"container\" data-e-type=\"container\">\n\t\t\t\t\t<div class=\"e-con-inner\">\n\t\t\t\t\t<\/div>\n\t\t\t\t<\/div>\n\t\t<div class=\"elementor-element elementor-element-e5c2053 e-flex e-con-boxed wpr-particle-no wpr-jarallax-no wpr-parallax-no wpr-sticky-section-no wpr-column-slider-no wpr-equal-height-no e-con e-parent\" data-id=\"e5c2053\" data-element_type=\"container\" data-e-type=\"container\">\n\t\t\t\t\t<div class=\"e-con-inner\">\n\t\t\t\t\t\t\t\t<p class=\"e-paragraph-base\" data-interaction-id=\"8908772\"  >\n\t\t\t\t\t\t\t\thttps:\/\/elpais.com\/chile\/2026-04-02\/videoanalisis-las-tres-primeras-semanas-de-kast.html<br><br>Apartado de pol\u00edtica&nbsp;\n\t\t\t\t\t<\/p>\n\t\t\t\t\t<\/div>\n\t\t\t\t<\/div>\n\t\t\t\t<\/div>\n\t\t","protected":false},"excerpt":{"rendered":"<p>Secci\u00f3n dedicada a contenidos en mayor profundidad, investigaciones, an\u00e1lisis en mayor extensi\u00f3n, y desarrollo de temas que necesiten una contextualizaci\u00f3n m\u00e1s extensa. https:\/\/www.youtube.com\/watch?v=lQRRaYZFSBU Apartado de econom\u00eda de la actualidad https:\/\/elpais.com\/chile\/2026-04-02\/videoanalisis-las-tres-primeras-semanas-de-kast.html Apartado de pol\u00edtica&nbsp;<\/p>\n","protected":false},"author":22,"featured_media":0,"parent":0,"menu_order":0,"comment_status":"closed","ping_status":"closed","template":"","meta":{"footnotes":""},"class_list":["post-30","page","type-page","status-publish","hentry"],"yoast_head":"<!-- This site is optimized with the Yoast SEO plugin v27.0 - https:\/\/yoast.com\/product\/yoast-seo-wordpress\/ -->\n<title>Reportajes - DataCruda<\/title>\n<meta name=\"robots\" content=\"index, follow, max-snippet:-1, max-image-preview:large, max-video-preview:-1\" \/>\n<link rel=\"canonical\" href=\"https:\/\/digital1s4.perdigital.cl\/sitio10\/reportajes\/\" \/>\n<meta property=\"og:locale\" content=\"es_ES\" \/>\n<meta property=\"og:type\" content=\"article\" \/>\n<meta property=\"og:title\" content=\"Reportajes - DataCruda\" \/>\n<meta property=\"og:description\" content=\"Secci\u00f3n dedicada a contenidos en mayor profundidad, investigaciones, an\u00e1lisis en mayor extensi\u00f3n, y desarrollo de temas que necesiten una contextualizaci\u00f3n m\u00e1s extensa. https:\/\/www.youtube.com\/watch?v=lQRRaYZFSBU Apartado de econom\u00eda de la actualidad https:\/\/elpais.com\/chile\/2026-04-02\/videoanalisis-las-tres-primeras-semanas-de-kast.html Apartado de pol\u00edtica&nbsp;\" \/>\n<meta property=\"og:url\" content=\"https:\/\/digital1s4.perdigital.cl\/sitio10\/reportajes\/\" \/>\n<meta property=\"og:site_name\" content=\"DataCruda\" \/>\n<meta property=\"article:modified_time\" content=\"2026-04-29T20:53:18+00:00\" \/>\n<meta name=\"twitter:card\" content=\"summary_large_image\" \/>\n<meta name=\"twitter:label1\" content=\"Tiempo estimado de lectura\" \/>\n\t<meta name=\"twitter:data1\" content=\"1 minuto\" \/>\n<script type=\"application\/ld+json\" class=\"yoast-schema-graph\">{\"@context\":\"https:\/\/schema.org\",\"@graph\":[{\"@type\":\"WebPage\",\"@id\":\"https:\/\/digital1s4.perdigital.cl\/sitio10\/reportajes\/\",\"url\":\"https:\/\/digital1s4.perdigital.cl\/sitio10\/reportajes\/\",\"name\":\"Reportajes - DataCruda\",\"isPartOf\":{\"@id\":\"https:\/\/digital1s4.perdigital.cl\/sitio10\/#website\"},\"datePublished\":\"2026-04-29T20:49:30+00:00\",\"dateModified\":\"2026-04-29T20:53:18+00:00\",\"breadcrumb\":{\"@id\":\"https:\/\/digital1s4.perdigital.cl\/sitio10\/reportajes\/#breadcrumb\"},\"inLanguage\":\"es-CL\",\"potentialAction\":[{\"@type\":\"ReadAction\",\"target\":[\"https:\/\/digital1s4.perdigital.cl\/sitio10\/reportajes\/\"]}]},{\"@type\":\"BreadcrumbList\",\"@id\":\"https:\/\/digital1s4.perdigital.cl\/sitio10\/reportajes\/#breadcrumb\",\"itemListElement\":[{\"@type\":\"ListItem\",\"position\":1,\"name\":\"Portada\",\"item\":\"https:\/\/digital1s4.perdigital.cl\/sitio10\/\"},{\"@type\":\"ListItem\",\"position\":2,\"name\":\"Reportajes\"}]},{\"@type\":\"WebSite\",\"@id\":\"https:\/\/digital1s4.perdigital.cl\/sitio10\/#website\",\"url\":\"https:\/\/digital1s4.perdigital.cl\/sitio10\/\",\"name\":\"DataCruda\",\"description\":\"Es un medio periodistico donde simplificaremos las noticias m\u00e1s complejas en informaci\u00f3n clara, \u00fatil, confiable e inmediata. Informaremos sin ning\u00fan tipo de sesgo para eliminar la sensaci\u00f3n de distancia existente entre pol\u00edtica, econom\u00eda y la vida cotidiana de las personas.\",\"potentialAction\":[{\"@type\":\"SearchAction\",\"target\":{\"@type\":\"EntryPoint\",\"urlTemplate\":\"https:\/\/digital1s4.perdigital.cl\/sitio10\/?s={search_term_string}\"},\"query-input\":{\"@type\":\"PropertyValueSpecification\",\"valueRequired\":true,\"valueName\":\"search_term_string\"}}],\"inLanguage\":\"es-CL\"}]}<\/script>\n<!-- \/ Yoast SEO plugin. -->","yoast_head_json":{"title":"Reportajes - DataCruda","robots":{"index":"index","follow":"follow","max-snippet":"max-snippet:-1","max-image-preview":"max-image-preview:large","max-video-preview":"max-video-preview:-1"},"canonical":"https:\/\/digital1s4.perdigital.cl\/sitio10\/reportajes\/","og_locale":"es_ES","og_type":"article","og_title":"Reportajes - DataCruda","og_description":"Secci\u00f3n dedicada a contenidos en mayor profundidad, investigaciones, an\u00e1lisis en mayor extensi\u00f3n, y desarrollo de temas que necesiten una contextualizaci\u00f3n m\u00e1s extensa. https:\/\/www.youtube.com\/watch?v=lQRRaYZFSBU Apartado de econom\u00eda de la actualidad https:\/\/elpais.com\/chile\/2026-04-02\/videoanalisis-las-tres-primeras-semanas-de-kast.html Apartado de pol\u00edtica&nbsp;","og_url":"https:\/\/digital1s4.perdigital.cl\/sitio10\/reportajes\/","og_site_name":"DataCruda","article_modified_time":"2026-04-29T20:53:18+00:00","twitter_card":"summary_large_image","twitter_misc":{"Tiempo estimado de lectura":"1 minuto"},"schema":{"@context":"https:\/\/schema.org","@graph":[{"@type":"WebPage","@id":"https:\/\/digital1s4.perdigital.cl\/sitio10\/reportajes\/","url":"https:\/\/digital1s4.perdigital.cl\/sitio10\/reportajes\/","name":"Reportajes - DataCruda","isPartOf":{"@id":"https:\/\/digital1s4.perdigital.cl\/sitio10\/#website"},"datePublished":"2026-04-29T20:49:30+00:00","dateModified":"2026-04-29T20:53:18+00:00","breadcrumb":{"@id":"https:\/\/digital1s4.perdigital.cl\/sitio10\/reportajes\/#breadcrumb"},"inLanguage":"es-CL","potentialAction":[{"@type":"ReadAction","target":["https:\/\/digital1s4.perdigital.cl\/sitio10\/reportajes\/"]}]},{"@type":"BreadcrumbList","@id":"https:\/\/digital1s4.perdigital.cl\/sitio10\/reportajes\/#breadcrumb","itemListElement":[{"@type":"ListItem","position":1,"name":"Portada","item":"https:\/\/digital1s4.perdigital.cl\/sitio10\/"},{"@type":"ListItem","position":2,"name":"Reportajes"}]},{"@type":"WebSite","@id":"https:\/\/digital1s4.perdigital.cl\/sitio10\/#website","url":"https:\/\/digital1s4.perdigital.cl\/sitio10\/","name":"DataCruda","description":"Es un medio periodistico donde simplificaremos las noticias m\u00e1s complejas en informaci\u00f3n clara, \u00fatil, confiable e inmediata. Informaremos sin ning\u00fan tipo de sesgo para eliminar la sensaci\u00f3n de distancia existente entre pol\u00edtica, econom\u00eda y la vida cotidiana de las personas.","potentialAction":[{"@type":"SearchAction","target":{"@type":"EntryPoint","urlTemplate":"https:\/\/digital1s4.perdigital.cl\/sitio10\/?s={search_term_string}"},"query-input":{"@type":"PropertyValueSpecification","valueRequired":true,"valueName":"search_term_string"}}],"inLanguage":"es-CL"}]}},"_links":{"self":[{"href":"https:\/\/digital1s4.perdigital.cl\/sitio10\/wp-json\/wp\/v2\/pages\/30","targetHints":{"allow":["GET"]}}],"collection":[{"href":"https:\/\/digital1s4.perdigital.cl\/sitio10\/wp-json\/wp\/v2\/pages"}],"about":[{"href":"https:\/\/digital1s4.perdigital.cl\/sitio10\/wp-json\/wp\/v2\/types\/page"}],"author":[{"embeddable":true,"href":"https:\/\/digital1s4.perdigital.cl\/sitio10\/wp-json\/wp\/v2\/users\/22"}],"replies":[{"embeddable":true,"href":"https:\/\/digital1s4.perdigital.cl\/sitio10\/wp-json\/wp\/v2\/comments?post=30"}],"version-history":[{"count":7,"href":"https:\/\/digital1s4.perdigital.cl\/sitio10\/wp-json\/wp\/v2\/pages\/30\/revisions"}],"predecessor-version":[{"id":75,"href":"https:\/\/digital1s4.perdigital.cl\/sitio10\/wp-json\/wp\/v2\/pages\/30\/revisions\/75"}],"wp:attachment":[{"href":"https:\/\/digital1s4.perdigital.cl\/sitio10\/wp-json\/wp\/v2\/media?parent=30"}],"curies":[{"name":"wp","href":"https:\/\/api.w.org\/{rel}","templated":true}]}}